{"id":1415,"date":"2023-05-11T08:56:54","date_gmt":"2023-05-11T08:56:54","guid":{"rendered":"https:\/\/www.repery.eu\/deutschland\/?page_id=1415"},"modified":"2023-08-01T05:15:39","modified_gmt":"2023-08-01T05:15:39","slug":"kontact","status":"publish","type":"page","link":"https:\/\/www.repery.eu\/deutschland\/kontact\/","title":{"rendered":"Kontakt"},"content":{"rendered":"\t\t<div data-elementor-type=\"wp-page\" data-elementor-id=\"1415\" class=\"elementor elementor-1415\">\n\t\t\t\t\t\t<section class=\"elementor-section elementor-top-section elementor-element elementor-element-d14b115 elementor-section-boxed elementor-section-height-default elementor-section-height-default\" data-id=\"d14b115\" data-element_type=\"section\" data-e-type=\"section\">\n\t\t\t\t\t\t<div class=\"elementor-container elementor-column-gap-default\">\n\t\t\t\t\t<div class=\"elementor-column elementor-col-100 elementor-top-column elementor-element elementor-element-59202e8\" data-id=\"59202e8\" data-element_type=\"column\" data-e-type=\"column\">\n\t\t\t<div class=\"elementor-widget-wrap elementor-element-populated\">\n\t\t\t\t\t\t<section class=\"elementor-section elementor-inner-section elementor-element elementor-element-f628533 elementor-section-boxed elementor-section-height-default elementor-section-height-default\" data-id=\"f628533\" data-element_type=\"section\" data-e-type=\"section\">\n\t\t\t\t\t\t<div class=\"elementor-container elementor-column-gap-default\">\n\t\t\t\t\t<div class=\"elementor-column elementor-col-50 elementor-inner-column elementor-element elementor-element-d67dba2\" data-id=\"d67dba2\" data-element_type=\"column\" data-e-type=\"column\">\n\t\t\t<div class=\"elementor-widget-wrap elementor-element-populated\">\n\t\t\t\t\t\t<div class=\"elementor-element elementor-element-4302a90 elementor-widget elementor-widget-text-editor\" data-id=\"4302a90\" data-element_type=\"widget\" data-e-type=\"widget\" data-widget_type=\"text-editor.default\">\n\t\t\t\t<div class=\"elementor-widget-container\">\n\t\t\t\t\t\t\t\t\t<p>Phone:<br \/>+48 690-637-690 (english)<\/p>\t\t\t\t\t\t\t\t<\/div>\n\t\t\t\t<\/div>\n\t\t\t\t\t<\/div>\n\t\t<\/div>\n\t\t\t\t<div class=\"elementor-column elementor-col-50 elementor-inner-column elementor-element elementor-element-4c5ca05\" data-id=\"4c5ca05\" data-element_type=\"column\" data-e-type=\"column\">\n\t\t\t<div class=\"elementor-widget-wrap elementor-element-populated\">\n\t\t\t\t\t\t<div class=\"elementor-element elementor-element-2411036 elementor-widget elementor-widget-text-editor\" data-id=\"2411036\" data-element_type=\"widget\" data-e-type=\"widget\" data-widget_type=\"text-editor.default\">\n\t\t\t\t<div class=\"elementor-widget-container\">\n\t\t\t\t\t\t\t\t\t<p>e-mail:<br \/><a href=\"https:\/\/www.repery.eu\/english\/wp-content\/uploads\/2021\/08\/repery.png\">kontakt@repery.eu<\/a><\/p>\t\t\t\t\t\t\t\t<\/div>\n\t\t\t\t<\/div>\n\t\t\t\t\t<\/div>\n\t\t<\/div>\n\t\t\t\t\t<\/div>\n\t\t<\/section>\n\t\t\t\t\t<\/div>\n\t\t<\/div>\n\t\t\t\t\t<\/div>\n\t\t<\/section>\n\t\t\t\t<section class=\"elementor-section elementor-top-section elementor-element elementor-element-7694b5c elementor-section-boxed elementor-section-height-default elementor-section-height-default\" data-id=\"7694b5c\" data-element_type=\"section\" data-e-type=\"section\">\n\t\t\t\t\t\t<div class=\"elementor-container elementor-column-gap-default\">\n\t\t\t\t\t<div class=\"elementor-column elementor-col-100 elementor-top-column elementor-element elementor-element-b81a27d\" data-id=\"b81a27d\" data-element_type=\"column\" data-e-type=\"column\">\n\t\t\t<div class=\"elementor-widget-wrap elementor-element-populated\">\n\t\t\t\t\t\t<div class=\"elementor-element elementor-element-96eee5e elementor-widget elementor-widget-text-editor\" data-id=\"96eee5e\" data-element_type=\"widget\" data-e-type=\"widget\" data-widget_type=\"text-editor.default\">\n\t\t\t\t<div class=\"elementor-widget-container\">\n\t\t\t\t\t\t\t\t\t<p>Company address:<br \/>LENA Micha\u0142 Szklarski<br \/>Majd\u00f3w 1 A <br \/>26-500 Szyd\u0142owiec<\/p><p>Poland<\/p><p>NIP PL 799-187-52-22<\/p>\t\t\t\t\t\t\t\t<\/div>\n\t\t\t\t<\/div>\n\t\t\t\t\t<\/div>\n\t\t<\/div>\n\t\t\t\t\t<\/div>\n\t\t<\/section>\n\t\t\t\t<\/div>\n\t\t","protected":false},"excerpt":{"rendered":"<p>Phone: +48 690-637-690 (english) e-mail: kontakt@repery.eu Company address: LENA Micha\u0142 Szklarski Majd\u00f3w 1 A 26-500 Szyd\u0142owiec Poland NIP PL 799-187-52-22<\/p>\n","protected":false},"author":1,"featured_media":0,"parent":0,"menu_order":0,"comment_status":"closed","ping_status":"closed","template":"","meta":{"footnotes":""},"class_list":["post-1415","page","type-page","status-publish","hentry"],"_links":{"self":[{"href":"https:\/\/www.repery.eu\/deutschland\/wp-json\/wp\/v2\/pages\/1415","targetHints":{"allow":["GET"]}}],"collection":[{"href":"https:\/\/www.repery.eu\/deutschland\/wp-json\/wp\/v2\/pages"}],"about":[{"href":"https:\/\/www.repery.eu\/deutschland\/wp-json\/wp\/v2\/types\/page"}],"author":[{"embeddable":true,"href":"https:\/\/www.repery.eu\/deutschland\/wp-json\/wp\/v2\/users\/1"}],"replies":[{"embeddable":true,"href":"https:\/\/www.repery.eu\/deutschland\/wp-json\/wp\/v2\/comments?post=1415"}],"version-history":[{"count":18,"href":"https:\/\/www.repery.eu\/deutschland\/wp-json\/wp\/v2\/pages\/1415\/revisions"}],"predecessor-version":[{"id":1658,"href":"https:\/\/www.repery.eu\/deutschland\/wp-json\/wp\/v2\/pages\/1415\/revisions\/1658"}],"wp:attachment":[{"href":"https:\/\/www.repery.eu\/deutschland\/wp-json\/wp\/v2\/media?parent=1415"}],"curies":[{"name":"wp","href":"https:\/\/api.w.org\/{rel}","templated":true}]}}