{"id":1766,"date":"2025-04-30T06:59:43","date_gmt":"2025-04-30T06:59:43","guid":{"rendered":"https:\/\/www.repery.eu\/deutschland\/?post_type=product&#038;p=1766"},"modified":"2026-04-07T15:33:00","modified_gmt":"2026-04-07T15:33:00","slug":"schornsteinhalter-sparrenhalter-komplettset","status":"publish","type":"product","link":"https:\/\/www.repery.eu\/deutschland\/produkt\/schornsteinhalter-sparrenhalter-komplettset\/","title":{"rendered":"Schornsteinbefestigung Dachkonstruktion. Komplettset."},"content":{"rendered":"<p><strong>Hochwertige Befestigung des Schornsteins am Dachstuhl<\/strong><\/p>\n<p>Einfach zu montierender Befestigungssatz f\u00fcr die sichere Verbindung des Schornsteins mit dem Dachstuhl.<br \/>\nAlle Teile sind verzinkt, um Korrosion vorzubeugen.<br \/>\nDer Satz enth\u00e4lt eine Montageanleitung sowie alle ben\u00f6tigten Befestigungselemente:<\/p>\n<p>4 x Gewindestangen M12, 1000 mm lang<\/p>\n<p>16 x Muttern M12<\/p>\n<p>12 x Profile<\/p>\n<p>8 x Torx-Holzschrauben<\/p>\n<p>Das Gesamtgewicht des Materials betr\u00e4gt 6 Kilogramm.<br \/>\nF\u00fcr die Montage werden zwei Werkzeuge ben\u00f6tigt: ein 18er Schraubenschl\u00fcssel und ein Torx T30-Bit f\u00fcr die Holzschrauben.<br \/>\nJeder Satz ist identisch.<\/p>\n<p><img fetchpriority=\"high\" decoding=\"async\" class=\"alignnone size-full wp-image-1753\" src=\"https:\/\/www.repery.eu\/deutschland\/wp-content\/uploads\/sites\/20\/2025\/04\/komin-wymiary_Strona_1.png\" alt=\"\" width=\"5100\" height=\"6600\" srcset=\"https:\/\/www.repery.eu\/deutschland\/wp-content\/uploads\/sites\/20\/2025\/04\/komin-wymiary_Strona_1.png 5100w, https:\/\/www.repery.eu\/deutschland\/wp-content\/uploads\/sites\/20\/2025\/04\/komin-wymiary_Strona_1-232x300.png 232w, https:\/\/www.repery.eu\/deutschland\/wp-content\/uploads\/sites\/20\/2025\/04\/komin-wymiary_Strona_1-791x1024.png 791w, https:\/\/www.repery.eu\/deutschland\/wp-content\/uploads\/sites\/20\/2025\/04\/komin-wymiary_Strona_1-768x994.png 768w, https:\/\/www.repery.eu\/deutschland\/wp-content\/uploads\/sites\/20\/2025\/04\/komin-wymiary_Strona_1-1187x1536.png 1187w, https:\/\/www.repery.eu\/deutschland\/wp-content\/uploads\/sites\/20\/2025\/04\/komin-wymiary_Strona_1-1583x2048.png 1583w, https:\/\/www.repery.eu\/deutschland\/wp-content\/uploads\/sites\/20\/2025\/04\/komin-wymiary_Strona_1-600x776.png 600w\" sizes=\"(max-width: 5100px) 100vw, 5100px\" \/><\/p>\n<div style=\"width: 843px;\" class=\"wp-video\"><video class=\"wp-video-shortcode\" id=\"video-1766-1\" width=\"843\" height=\"474\" preload=\"metadata\" controls=\"controls\"><source type=\"video\/mp4\" src=\"https:\/\/www.repery.eu\/deutschland\/wp-content\/uploads\/sites\/20\/2025\/04\/Uchwyt-komina-do-krokwy.mp4?_=1\" \/><a href=\"https:\/\/www.repery.eu\/deutschland\/wp-content\/uploads\/sites\/20\/2025\/04\/Uchwyt-komina-do-krokwy.mp4\">https:\/\/www.repery.eu\/deutschland\/wp-content\/uploads\/sites\/20\/2025\/04\/Uchwyt-komina-do-krokwy.mp4<\/a><\/video><\/div>\n","protected":false},"excerpt":{"rendered":"<p>Hochwertige Befestigung des Schornsteins am Dachstuhl Einfach zu montierender Befestigungssatz f\u00fcr die sichere Verbindung des Schornsteins mit dem Dachstuhl. Alle Teile sind verzinkt, um Korrosion&hellip;<\/p>\n","protected":false},"featured_media":1763,"comment_status":"open","ping_status":"closed","template":"","meta":[],"product_brand":[111],"product_cat":[113],"product_tag":[105,109,106,103,99,102,107,110,104,108],"class_list":{"0":"post-1766","1":"product","2":"type-product","3":"status-publish","4":"has-post-thumbnail","6":"product_brand-repery-eu","7":"product_cat-dachzubehoer","8":"product_tag-abgasrohrhalter","9":"product_tag-dachbefestigung-fuer-schornstein","10":"product_tag-edelstahl-kaminhalter","11":"product_tag-halterung-fuer-dachstuhl","12":"product_tag-kaminbefestigung","13":"product_tag-kaminhalter","14":"product_tag-kaminstuetze","15":"product_tag-montagehalterung-schornstein","16":"product_tag-schornsteintraeger","17":"product_tag-verstellbare-kaminhalterung","19":"first","20":"instock","21":"purchasable","22":"product-type-simple","23":"customify-col","24":"product-has-gallery"},"_links":{"self":[{"href":"https:\/\/www.repery.eu\/deutschland\/wp-json\/wp\/v2\/product\/1766","targetHints":{"allow":["GET"]}}],"collection":[{"href":"https:\/\/www.repery.eu\/deutschland\/wp-json\/wp\/v2\/product"}],"about":[{"href":"https:\/\/www.repery.eu\/deutschland\/wp-json\/wp\/v2\/types\/product"}],"replies":[{"embeddable":true,"href":"https:\/\/www.repery.eu\/deutschland\/wp-json\/wp\/v2\/comments?post=1766"}],"wp:featuredmedia":[{"embeddable":true,"href":"https:\/\/www.repery.eu\/deutschland\/wp-json\/wp\/v2\/media\/1763"}],"wp:attachment":[{"href":"https:\/\/www.repery.eu\/deutschland\/wp-json\/wp\/v2\/media?parent=1766"}],"wp:term":[{"taxonomy":"product_brand","embeddable":true,"href":"https:\/\/www.repery.eu\/deutschland\/wp-json\/wp\/v2\/product_brand?post=1766"},{"taxonomy":"product_cat","embeddable":true,"href":"https:\/\/www.repery.eu\/deutschland\/wp-json\/wp\/v2\/product_cat?post=1766"},{"taxonomy":"product_tag","embeddable":true,"href":"https:\/\/www.repery.eu\/deutschland\/wp-json\/wp\/v2\/product_tag?post=1766"}],"curies":[{"name":"wp","href":"https:\/\/api.w.org\/{rel}","templated":true}]}}