{"id":185,"date":"2022-01-16T17:12:18","date_gmt":"2022-01-16T17:12:18","guid":{"rendered":"https:\/\/www.repery.eu\/deutschland\/produkt\/hoodie-with-logo\/"},"modified":"2026-04-07T15:36:03","modified_gmt":"2026-04-07T15:36:03","slug":"nivellierbock","status":"publish","type":"product","link":"https:\/\/www.repery.eu\/deutschland\/produkt\/nivellierbock\/","title":{"rendered":"Nivellierbock f\u00fcr Anhydrit- und Flie\u00dfestriche."},"content":{"rendered":"<p>Lieferzeit nach Deutschland 2-3 Tage.<\/p>\n<p>Metallische Nivellierbock f\u00fcr Anhydrit- und Flie\u00dfestriche vom Hersteller.<\/p>\n<p>Dank der Nivellierbock sparen Sie Zeit und verbessern die Qualit\u00e4t der Estriche.<\/p>\n<p>Unsere Nivellierbock werden mit einem elektrischen Schraubenzieher reguliert und haben eine Steckschl\u00fcsselmutter 10.<\/p>\n<p>Das Estrichnivellierstativ ist verzinkt, was es korrosionsbest\u00e4ndig macht und keine Flecken auf dem Estrich hinterl\u00e4sst.<\/p>\n<p>Nivellierbock:<\/p>\n<p>Einstellbereich: 0-18,5 cm<br \/>\nMaterial: Stahl<br \/>\nBeschichtung: Verzinkt<br \/>\nRegulierung: Sockenschl\u00fcssel 10<\/p>\n<p>Preis f\u00fcr ein Nivellierbock.<\/p>\n<style>#sp-ea-474 .spcollapsing { height: 0; overflow: hidden; transition-property: height;transition-duration: 300ms;}#sp-ea-474.sp-easy-accordion>.sp-ea-single {margin-bottom: 10px; border: 1px solid #72005b; }#sp-ea-474.sp-easy-accordion>.sp-ea-single>.ea-header a {color: #444;}#sp-ea-474.sp-easy-accordion>.sp-ea-single>.sp-collapse>.ea-body {background: #fff; color: #444;}#sp-ea-474.sp-easy-accordion>.sp-ea-single {background: transparent;}#sp-ea-474.sp-easy-accordion>.sp-ea-single>.ea-header a .ea-expand-icon { float: left; color: #72005b;font-size: 16px;}<\/style><div id=\"sp_easy_accordion-1777681970\"><div id=\"sp-ea-474\" class=\"sp-ea-one sp-easy-accordion\" data-ea-active=\"ea-click\" data-ea-mode=\"vertical\" data-preloader=\"\" data-scroll-active-item=\"\" data-offset-to-scroll=\"0\"><div class=\"ea-card sp-ea-single\"><h3 class=\"ea-header\"><a class=\"collapsed\" id=\"ea-header-4740\" role=\"button\" data-sptoggle=\"spcollapse\" data-sptarget=\"#collapse4740\" aria-controls=\"collapse4740\" href=\"#\" aria-expanded=\"false\" tabindex=\"0\"><i aria-hidden=\"true\" role=\"presentation\" class=\"ea-expand-icon eap-icon-ea-expand-plus\"><\/i> Guarantee of quality<\/a><\/h3><div class=\"sp-collapse spcollapse spcollapse\" id=\"collapse4740\" data-parent=\"#sp-ea-474\" role=\"region\" aria-labelledby=\"ea-header-4740\"> <div class=\"ea-body\"><p>The products are covered by a one-year warranty covering defects that occur during use. The warranty also covers damage during delivery by courier or parcel lockers.<br \/>After receiving the shipment, check if the product is not damaged, in the event of damage, we will replace the product with a new one. Before submitting a complaint, read the <a href=\"https:\/\/www.repery.eu\/deutschland\/regulamin-sklepu-repery-eu\/\">regulations<\/a> and fill in the Complaint Form.<\/p><\/div><\/div><\/div><div class=\"ea-card sp-ea-single\"><h3 class=\"ea-header\"><a class=\"collapsed\" id=\"ea-header-4741\" role=\"button\" data-sptoggle=\"spcollapse\" data-sptarget=\"#collapse4741\" aria-controls=\"collapse4741\" href=\"#\" aria-expanded=\"false\" tabindex=\"0\"><i aria-hidden=\"true\" role=\"presentation\" class=\"ea-expand-icon eap-icon-ea-expand-plus\"><\/i> Consumer returns<\/a><\/h3><div class=\"sp-collapse spcollapse spcollapse\" id=\"collapse4741\" data-parent=\"#sp-ea-474\" role=\"region\" aria-labelledby=\"ea-header-4741\"> <div class=\"ea-body\"><p>You can exchange goods up to fourteen days from the date of purchase. Individuals can return goods up to fourteen days from the date of purchase. Our priority is customer satisfaction. The basic condition for the return is that the goods must not be used. Before returning, read the <a href=\"https:\/\/www.repery.eu\/deutschland\/regulamin-sklepu-repery-eu\/\">regulations<\/a> and fill out the Return Form.<\/p><\/div><\/div><\/div><\/div><\/div>\n","protected":false},"excerpt":{"rendered":"<p>Lieferzeit nach Deutschland 2-3 Tage. Metallische Nivellierbock f\u00fcr Anhydrit- und Flie\u00dfestriche vom Hersteller. Dank der Nivellierbock sparen Sie Zeit und verbessern die Qualit\u00e4t der Estriche.&hellip;<\/p>\n","protected":false},"featured_media":1284,"comment_status":"open","ping_status":"closed","template":"","meta":[],"product_brand":[111],"product_cat":[112],"product_tag":[83],"class_list":{"0":"post-185","1":"product","2":"type-product","3":"status-publish","4":"has-post-thumbnail","6":"product_brand-repery-eu","7":"product_cat-nivellierboecke-fuer-fliessestrich","8":"product_tag-nivellierbock","10":"first","11":"instock","12":"purchasable","13":"product-type-simple","14":"customify-col","15":"product-has-gallery"},"_links":{"self":[{"href":"https:\/\/www.repery.eu\/deutschland\/wp-json\/wp\/v2\/product\/185","targetHints":{"allow":["GET"]}}],"collection":[{"href":"https:\/\/www.repery.eu\/deutschland\/wp-json\/wp\/v2\/product"}],"about":[{"href":"https:\/\/www.repery.eu\/deutschland\/wp-json\/wp\/v2\/types\/product"}],"replies":[{"embeddable":true,"href":"https:\/\/www.repery.eu\/deutschland\/wp-json\/wp\/v2\/comments?post=185"}],"wp:featuredmedia":[{"embeddable":true,"href":"https:\/\/www.repery.eu\/deutschland\/wp-json\/wp\/v2\/media\/1284"}],"wp:attachment":[{"href":"https:\/\/www.repery.eu\/deutschland\/wp-json\/wp\/v2\/media?parent=185"}],"wp:term":[{"taxonomy":"product_brand","embeddable":true,"href":"https:\/\/www.repery.eu\/deutschland\/wp-json\/wp\/v2\/product_brand?post=185"},{"taxonomy":"product_cat","embeddable":true,"href":"https:\/\/www.repery.eu\/deutschland\/wp-json\/wp\/v2\/product_cat?post=185"},{"taxonomy":"product_tag","embeddable":true,"href":"https:\/\/www.repery.eu\/deutschland\/wp-json\/wp\/v2\/product_tag?post=185"}],"curies":[{"name":"wp","href":"https:\/\/api.w.org\/{rel}","templated":true}]}}